{"id":4720,"date":"2025-01-22T14:53:17","date_gmt":"2025-01-22T13:53:17","guid":{"rendered":"https:\/\/www.david-olkarny.com\/terms-of-use\/"},"modified":"2025-04-24T17:48:01","modified_gmt":"2025-04-24T15:48:01","slug":"terms-of-use","status":"publish","type":"page","link":"https:\/\/www.david-olkarny.com\/en\/terms-of-use\/","title":{"rendered":"Terms of use"},"content":{"rendered":"\t\t<div data-elementor-type=\"wp-page\" data-elementor-id=\"4720\" class=\"elementor elementor-4720 elementor-3820\" data-elementor-settings=\"{&quot;page_masthead_image_height&quot;:{&quot;unit&quot;:&quot;px&quot;,&quot;size&quot;:900,&quot;sizes&quot;:[]},&quot;page_masthead_image_height_laptop&quot;:{&quot;unit&quot;:&quot;px&quot;,&quot;size&quot;:&quot;&quot;,&quot;sizes&quot;:[]},&quot;page_masthead_image_height_tablet_extra&quot;:{&quot;unit&quot;:&quot;px&quot;,&quot;size&quot;:&quot;&quot;,&quot;sizes&quot;:[]},&quot;page_masthead_image_height_tablet&quot;:{&quot;unit&quot;:&quot;vh&quot;,&quot;size&quot;:70,&quot;sizes&quot;:[]},&quot;page_masthead_image_height_mobile&quot;:{&quot;unit&quot;:&quot;vh&quot;,&quot;size&quot;:50,&quot;sizes&quot;:[]},&quot;page_masthead_background_position_x&quot;:{&quot;unit&quot;:&quot;%&quot;,&quot;size&quot;:50,&quot;sizes&quot;:[]},&quot;page_masthead_background_position_x_laptop&quot;:{&quot;unit&quot;:&quot;px&quot;,&quot;size&quot;:&quot;&quot;,&quot;sizes&quot;:[]},&quot;page_masthead_background_position_x_tablet_extra&quot;:{&quot;unit&quot;:&quot;px&quot;,&quot;size&quot;:&quot;&quot;,&quot;sizes&quot;:[]},&quot;page_masthead_background_position_x_tablet&quot;:{&quot;unit&quot;:&quot;%&quot;,&quot;size&quot;:50,&quot;sizes&quot;:[]},&quot;page_masthead_background_position_x_mobile&quot;:{&quot;unit&quot;:&quot;%&quot;,&quot;size&quot;:50,&quot;sizes&quot;:[]},&quot;page_masthead_background_position_y&quot;:{&quot;unit&quot;:&quot;%&quot;,&quot;size&quot;:50,&quot;sizes&quot;:[]},&quot;page_masthead_background_position_y_laptop&quot;:{&quot;unit&quot;:&quot;px&quot;,&quot;size&quot;:&quot;&quot;,&quot;sizes&quot;:[]},&quot;page_masthead_background_position_y_tablet_extra&quot;:{&quot;unit&quot;:&quot;px&quot;,&quot;size&quot;:&quot;&quot;,&quot;sizes&quot;:[]},&quot;page_masthead_background_position_y_tablet&quot;:{&quot;unit&quot;:&quot;%&quot;,&quot;size&quot;:50,&quot;sizes&quot;:[]},&quot;page_masthead_background_position_y_mobile&quot;:{&quot;unit&quot;:&quot;%&quot;,&quot;size&quot;:50,&quot;sizes&quot;:[]}}\" data-elementor-post-type=\"page\">\n\t\t\t\t<div class=\"elementor-element elementor-element-1f9e1a6 e-flex e-con-boxed e-con e-parent\" data-id=\"1f9e1a6\" data-element_type=\"container\" data-e-type=\"container\">\n\t\t\t\t\t<div class=\"e-con-inner\">\n\t\t\t\t<div class=\"elementor-element elementor-element-0a07530 elementor-widget-divider--view-line elementor-widget elementor-widget-divider\" data-id=\"0a07530\" data-element_type=\"widget\" data-e-type=\"widget\" data-widget_type=\"divider.default\">\n\t\t\t\t<div class=\"elementor-widget-container\">\n\t\t\t\t\t\t\t<div class=\"elementor-divider\">\n\t\t\t<span class=\"elementor-divider-separator\">\n\t\t\t\t\t\t<\/span>\n\t\t<\/div>\n\t\t\t\t\t\t<\/div>\n\t\t\t\t<\/div>\n\t\t\t\t\t<\/div>\n\t\t\t\t<\/div>\n\t\t<div class=\"elementor-element elementor-element-f921565 e-flex e-con-boxed e-con e-parent\" data-id=\"f921565\" data-element_type=\"container\" data-e-type=\"container\">\n\t\t\t\t\t<div class=\"e-con-inner\">\n\t\t\t\t<div class=\"elementor-element elementor-element-aea8f6e elementor-widget elementor-widget-heading\" data-id=\"aea8f6e\" data-element_type=\"widget\" data-e-type=\"widget\" data-widget_type=\"heading.default\">\n\t\t\t\t<div class=\"elementor-widget-container\">\n\t\t\t\t\t<h1 class=\"elementor-heading-title elementor-size-default\">Terms of use<\/h1>\t\t\t\t<\/div>\n\t\t\t\t<\/div>\n\t\t\t\t<div class=\"elementor-element elementor-element-4733fe2 elementor-widget elementor-widget-text-editor\" data-id=\"4733fe2\" data-element_type=\"widget\" data-e-type=\"widget\" data-widget_type=\"text-editor.default\">\n\t\t\t\t<div class=\"elementor-widget-container\">\n\t\t\t\t\t\t\t\t\t<p style=\"text-align: center;\">Last update: 01\/22\/2025<\/p>\n\t\t\t\t\t\t\t\t<\/div>\n\t\t\t\t<\/div>\n\t\t\t\t\t<\/div>\n\t\t\t\t<\/div>\n\t\t<div class=\"elementor-element elementor-element-e7335a1 e-flex e-con-boxed e-con e-parent\" data-id=\"e7335a1\" data-element_type=\"container\" data-e-type=\"container\">\n\t\t\t\t\t<div class=\"e-con-inner\">\n\t\t\t\t<div class=\"elementor-element elementor-element-0a7d8d5 elementor-widget elementor-widget-text-editor\" data-id=\"0a7d8d5\" data-element_type=\"widget\" data-e-type=\"widget\" data-widget_type=\"text-editor.default\">\n\t\t\t\t<div class=\"elementor-widget-container\">\n\t\t\t\t\t\t\t\t\t<p><span style=\"font-weight: 400;\">In accordance with the provisions of law no. 2004-575 of June 21, 2004 on confidence in the digital economy, users of the David Olkarny website are informed of the identity of the various parties involved in its creation and follow-up.<\/span><\/p>\n<p><b>Site editing  <\/b><\/p>\n<p><span style=\"font-weight: 400;\">This site, accessible at the URL www.david-olkarny.com (the &#8220;Site&#8221;), is published by :<\/span><\/p>\n<p><i><span style=\"font-weight: 400;\"><br \/><\/span><\/i><span style=\"font-weight: 400;\">SPRL David Olkarny, with registered office at Rue Colonel Bourg 110 1030 Schaerbeek, Belgium, represented by David Mortier, duly authorized.<\/span><\/p>\n<p><span style=\"font-weight: 400;\">The publisher&#8217;s individual VAT number is: BE0799654142.<\/span><\/p>\n<p><b>Hosting<\/b><\/p>\n<p>The Site is hosted by O2switch, located at <a href=\"https:\/\/www.google.com\/maps\/place\/\/data=!4m2!3m1!1s0x47f71c4316d14a4f:0x80871e95ce99e229?sa=X&amp;ved=1t:8290&amp;ictx=111\">Chemin des Pardiaux, 63000 Clermont-Ferrand, France<\/a>, (telephone contact: <a href=\"https:\/\/www.google.com\/search?client=firefox-b-d&amp;q=O2+switch#\">+33 4 44 44 60 40<\/a>).<\/p>\n<p><b>Publishing Director  <\/b><\/p>\n<p><span style=\"font-weight: 400;\">The Site&#8217;s Publishing Director is David Olkarny.<\/span><\/p>\n<p><b>Contact us  <\/b><\/p>\n<p><span style=\"font-weight: 400;\">By phone: +32474720002<\/span><\/p>\n<p><span style=\"font-weight: 400;\">By email: hello@david-olkarny.com<\/span><\/p>\n<p><b>Personal data<\/b><\/p>\n<p><span style=\"font-weight: 400;\">The processing of your personal data is governed by our Privacy Charter, available from the &#8220;Privacy Policy&#8221; page, in accordance with the General Data Protection Regulation 2016\/679 of April 27, 2016 (&#8220;GDPR&#8221;).<\/span><\/p>\n\t\t\t\t\t\t\t\t<\/div>\n\t\t\t\t<\/div>\n\t\t\t\t\t<\/div>\n\t\t\t\t<\/div>\n\t\t\t\t<\/div>\n\t\t","protected":false},"excerpt":{"rendered":"<p>Terms of use Last update: 01\/22\/2025 In accordance with the provisions of law no. 2004-575 of June 21, 2004 on confidence in the digital economy, users of the David Olkarny website are informed of the identity of the various parties involved in its creation and follow-up. Site editing This site, accessible at the URL www.david-olkarny.com [&hellip;]<\/p>\n","protected":false},"author":2,"featured_media":0,"parent":0,"menu_order":0,"comment_status":"closed","ping_status":"closed","template":"elementor_header_footer","meta":{"_acf_changed":false,"footnotes":""},"class_list":["post-4720","page","type-page","status-publish","hentry"],"acf":[],"yoast_head":"<!-- This site is optimized with the Yoast SEO plugin v27.4 - https:\/\/yoast.com\/product\/yoast-seo-wordpress\/ -->\n<title>Terms of use - David Olkarny<\/title>\n<meta name=\"description\" content=\"Informations l\u00e9gales, \u00e9diteur, h\u00e9bergeur : tout est pr\u00e9cis\u00e9 ici.\" \/>\n<meta name=\"robots\" content=\"index, follow, max-snippet:-1, max-image-preview:large, max-video-preview:-1\" \/>\n<link rel=\"canonical\" href=\"https:\/\/www.david-olkarny.com\/en\/terms-of-use\/\" \/>\n<meta property=\"og:locale\" content=\"en_US\" \/>\n<meta property=\"og:type\" content=\"article\" \/>\n<meta property=\"og:title\" content=\"Terms of use - David Olkarny\" \/>\n<meta property=\"og:description\" content=\"Informations l\u00e9gales, \u00e9diteur, h\u00e9bergeur : tout est pr\u00e9cis\u00e9 ici.\" \/>\n<meta property=\"og:url\" content=\"https:\/\/www.david-olkarny.com\/en\/terms-of-use\/\" \/>\n<meta property=\"og:site_name\" content=\"David Olkarny\" \/>\n<meta property=\"article:modified_time\" content=\"2025-04-24T15:48:01+00:00\" \/>\n<meta property=\"og:image\" content=\"https:\/\/www.david-olkarny.com\/wp-content\/uploads\/2024\/12\/david-olkarny-photographe-bruxelles.jpg\" \/>\n\t<meta property=\"og:image:width\" content=\"1920\" \/>\n\t<meta property=\"og:image:height\" content=\"978\" \/>\n\t<meta property=\"og:image:type\" content=\"image\/jpeg\" \/>\n<meta name=\"twitter:card\" content=\"summary_large_image\" \/>\n<meta name=\"twitter:label1\" content=\"Est. reading time\" \/>\n\t<meta name=\"twitter:data1\" content=\"1 minute\" \/>\n<script type=\"application\/ld+json\" class=\"yoast-schema-graph\">{\"@context\":\"https:\\\/\\\/schema.org\",\"@graph\":[{\"@type\":\"WebPage\",\"@id\":\"https:\\\/\\\/www.david-olkarny.com\\\/en\\\/terms-of-use\\\/\",\"url\":\"https:\\\/\\\/www.david-olkarny.com\\\/en\\\/terms-of-use\\\/\",\"name\":\"Terms of use - David Olkarny\",\"isPartOf\":{\"@id\":\"https:\\\/\\\/www.david-olkarny.com\\\/en\\\/#website\"},\"datePublished\":\"2025-01-22T13:53:17+00:00\",\"dateModified\":\"2025-04-24T15:48:01+00:00\",\"description\":\"Informations l\u00e9gales, \u00e9diteur, h\u00e9bergeur : tout est pr\u00e9cis\u00e9 ici.\",\"breadcrumb\":{\"@id\":\"https:\\\/\\\/www.david-olkarny.com\\\/en\\\/terms-of-use\\\/#breadcrumb\"},\"inLanguage\":\"en-US\",\"potentialAction\":[{\"@type\":\"ReadAction\",\"target\":[\"https:\\\/\\\/www.david-olkarny.com\\\/en\\\/terms-of-use\\\/\"]}]},{\"@type\":\"BreadcrumbList\",\"@id\":\"https:\\\/\\\/www.david-olkarny.com\\\/en\\\/terms-of-use\\\/#breadcrumb\",\"itemListElement\":[{\"@type\":\"ListItem\",\"position\":1,\"name\":\"Accueil\",\"item\":\"https:\\\/\\\/www.david-olkarny.com\\\/en\\\/\"},{\"@type\":\"ListItem\",\"position\":2,\"name\":\"Terms of use\"}]},{\"@type\":\"WebSite\",\"@id\":\"https:\\\/\\\/www.david-olkarny.com\\\/en\\\/#website\",\"url\":\"https:\\\/\\\/www.david-olkarny.com\\\/en\\\/\",\"name\":\"David Olkarny\",\"description\":\"Photographe Bruxelles | Portrait Mariage Grossesse Culinaire | Formations\",\"publisher\":{\"@id\":\"https:\\\/\\\/www.david-olkarny.com\\\/en\\\/#\\\/schema\\\/person\\\/8129436ab9e407a71005d17d6878cf72\"},\"potentialAction\":[{\"@type\":\"SearchAction\",\"target\":{\"@type\":\"EntryPoint\",\"urlTemplate\":\"https:\\\/\\\/www.david-olkarny.com\\\/en\\\/?s={search_term_string}\"},\"query-input\":{\"@type\":\"PropertyValueSpecification\",\"valueRequired\":true,\"valueName\":\"search_term_string\"}}],\"inLanguage\":\"en-US\"},{\"@type\":[\"Person\",\"Organization\"],\"@id\":\"https:\\\/\\\/www.david-olkarny.com\\\/en\\\/#\\\/schema\\\/person\\\/8129436ab9e407a71005d17d6878cf72\",\"name\":\"David Olkarny\",\"image\":{\"@type\":\"ImageObject\",\"inLanguage\":\"en-US\",\"@id\":\"https:\\\/\\\/www.david-olkarny.com\\\/wp-content\\\/uploads\\\/2026\\\/03\\\/FRENCH-BLACK-LOGO-TEXT.png\",\"url\":\"https:\\\/\\\/www.david-olkarny.com\\\/wp-content\\\/uploads\\\/2026\\\/03\\\/FRENCH-BLACK-LOGO-TEXT.png\",\"contentUrl\":\"https:\\\/\\\/www.david-olkarny.com\\\/wp-content\\\/uploads\\\/2026\\\/03\\\/FRENCH-BLACK-LOGO-TEXT.png\",\"width\":1393,\"height\":137,\"caption\":\"David Olkarny\"},\"logo\":{\"@id\":\"https:\\\/\\\/www.david-olkarny.com\\\/wp-content\\\/uploads\\\/2026\\\/03\\\/FRENCH-BLACK-LOGO-TEXT.png\"}}]}<\/script>\n<!-- \/ Yoast SEO plugin. -->","yoast_head_json":{"title":"Terms of use - David Olkarny","description":"Informations l\u00e9gales, \u00e9diteur, h\u00e9bergeur : tout est pr\u00e9cis\u00e9 ici.","robots":{"index":"index","follow":"follow","max-snippet":"max-snippet:-1","max-image-preview":"max-image-preview:large","max-video-preview":"max-video-preview:-1"},"canonical":"https:\/\/www.david-olkarny.com\/en\/terms-of-use\/","og_locale":"en_US","og_type":"article","og_title":"Terms of use - David Olkarny","og_description":"Informations l\u00e9gales, \u00e9diteur, h\u00e9bergeur : tout est pr\u00e9cis\u00e9 ici.","og_url":"https:\/\/www.david-olkarny.com\/en\/terms-of-use\/","og_site_name":"David Olkarny","article_modified_time":"2025-04-24T15:48:01+00:00","og_image":[{"width":1920,"height":978,"url":"https:\/\/www.david-olkarny.com\/wp-content\/uploads\/2024\/12\/david-olkarny-photographe-bruxelles.jpg","type":"image\/jpeg"}],"twitter_card":"summary_large_image","twitter_misc":{"Est. reading time":"1 minute"},"schema":{"@context":"https:\/\/schema.org","@graph":[{"@type":"WebPage","@id":"https:\/\/www.david-olkarny.com\/en\/terms-of-use\/","url":"https:\/\/www.david-olkarny.com\/en\/terms-of-use\/","name":"Terms of use - David Olkarny","isPartOf":{"@id":"https:\/\/www.david-olkarny.com\/en\/#website"},"datePublished":"2025-01-22T13:53:17+00:00","dateModified":"2025-04-24T15:48:01+00:00","description":"Informations l\u00e9gales, \u00e9diteur, h\u00e9bergeur : tout est pr\u00e9cis\u00e9 ici.","breadcrumb":{"@id":"https:\/\/www.david-olkarny.com\/en\/terms-of-use\/#breadcrumb"},"inLanguage":"en-US","potentialAction":[{"@type":"ReadAction","target":["https:\/\/www.david-olkarny.com\/en\/terms-of-use\/"]}]},{"@type":"BreadcrumbList","@id":"https:\/\/www.david-olkarny.com\/en\/terms-of-use\/#breadcrumb","itemListElement":[{"@type":"ListItem","position":1,"name":"Accueil","item":"https:\/\/www.david-olkarny.com\/en\/"},{"@type":"ListItem","position":2,"name":"Terms of use"}]},{"@type":"WebSite","@id":"https:\/\/www.david-olkarny.com\/en\/#website","url":"https:\/\/www.david-olkarny.com\/en\/","name":"David Olkarny","description":"Photographe Bruxelles | Portrait Mariage Grossesse Culinaire | Formations","publisher":{"@id":"https:\/\/www.david-olkarny.com\/en\/#\/schema\/person\/8129436ab9e407a71005d17d6878cf72"},"potentialAction":[{"@type":"SearchAction","target":{"@type":"EntryPoint","urlTemplate":"https:\/\/www.david-olkarny.com\/en\/?s={search_term_string}"},"query-input":{"@type":"PropertyValueSpecification","valueRequired":true,"valueName":"search_term_string"}}],"inLanguage":"en-US"},{"@type":["Person","Organization"],"@id":"https:\/\/www.david-olkarny.com\/en\/#\/schema\/person\/8129436ab9e407a71005d17d6878cf72","name":"David Olkarny","image":{"@type":"ImageObject","inLanguage":"en-US","@id":"https:\/\/www.david-olkarny.com\/wp-content\/uploads\/2026\/03\/FRENCH-BLACK-LOGO-TEXT.png","url":"https:\/\/www.david-olkarny.com\/wp-content\/uploads\/2026\/03\/FRENCH-BLACK-LOGO-TEXT.png","contentUrl":"https:\/\/www.david-olkarny.com\/wp-content\/uploads\/2026\/03\/FRENCH-BLACK-LOGO-TEXT.png","width":1393,"height":137,"caption":"David Olkarny"},"logo":{"@id":"https:\/\/www.david-olkarny.com\/wp-content\/uploads\/2026\/03\/FRENCH-BLACK-LOGO-TEXT.png"}}]}},"_links":{"self":[{"href":"https:\/\/www.david-olkarny.com\/en\/wp-json\/wp\/v2\/pages\/4720","targetHints":{"allow":["GET"]}}],"collection":[{"href":"https:\/\/www.david-olkarny.com\/en\/wp-json\/wp\/v2\/pages"}],"about":[{"href":"https:\/\/www.david-olkarny.com\/en\/wp-json\/wp\/v2\/types\/page"}],"author":[{"embeddable":true,"href":"https:\/\/www.david-olkarny.com\/en\/wp-json\/wp\/v2\/users\/2"}],"replies":[{"embeddable":true,"href":"https:\/\/www.david-olkarny.com\/en\/wp-json\/wp\/v2\/comments?post=4720"}],"version-history":[{"count":0,"href":"https:\/\/www.david-olkarny.com\/en\/wp-json\/wp\/v2\/pages\/4720\/revisions"}],"wp:attachment":[{"href":"https:\/\/www.david-olkarny.com\/en\/wp-json\/wp\/v2\/media?parent=4720"}],"curies":[{"name":"wp","href":"https:\/\/api.w.org\/{rel}","templated":true}]}}